{"id":3642,"date":"2020-11-02T20:14:28","date_gmt":"2020-11-02T19:14:28","guid":{"rendered":"https:\/\/www.sv-1896-grossdubrau.de\/?page_id=3642"},"modified":"2026-04-07T17:37:15","modified_gmt":"2026-04-07T15:37:15","slug":"formulare","status":"publish","type":"page","link":"https:\/\/www.sv-1896-grossdubrau.de\/?page_id=3642","title":{"rendered":"Formulare"},"content":{"rendered":"\n<p><\/p>\n\n\n\n<ul class=\"wp-block-list\">\n<li><a aria-label=\" (\u00f6ffnet in neuem Tab)\" href=\"https:\/\/www.sv-1896-grossdubrau.de\/wp-content\/uploads\/2020\/11\/Aufnahmeantrag-Vereinsmitgliedschaft.pdf\" target=\"_blank\" rel=\"noreferrer noopener\">Aufnahmeantrag SV 1896<\/a><\/li>\n\n\n\n<li><a href=\"https:\/\/www.sv-1896-grossdubrau.de\/wp-content\/uploads\/2025\/01\/Beitragsordnung-2025.pdf\" data-type=\"URL\" data-id=\"https:\/\/www.sv-1896-grossdubrau.de\/wp-content\/uploads\/2025\/01\/Beitragsordnung-2025.pdf\">Beitragsordnung 2025<\/a> <\/li>\n\n\n\n<li><a aria-label=\" (\u00f6ffnet in neuem Tab)\" href=\"https:\/\/www.sv-1896-grossdubrau.de\/wp-content\/uploads\/2020\/11\/Datenschutz-Einwilligungserkl\u00e4rung.pdf\" target=\"_blank\" rel=\"noreferrer noopener\">Datenschutzvereinbarung<\/a><\/li>\n\n\n\n<li><a aria-label=\"Einzugserm\u00e4chtigung (\u00f6ffnet in neuem Tab)\" href=\"https:\/\/www.sv-1896-grossdubrau.de\/wp-content\/uploads\/2020\/11\/Einzugserm\u00e4chtigung.pdf\" target=\"_blank\" rel=\"noreferrer noopener\">Einzugserm\u00e4chtigung<\/a><\/li>\n\n\n\n<li><a href=\"https:\/\/www.sfv-online.de\/fileadmin\/content\/PDFs\/Passstelle\/SFV-Passantrag_PC-Version.pdf\" target=\"_blank\" rel=\"noreferrer noopener\">Antrag auf Spielerlaubnis (f\u00fcr Fu\u00dfball)<\/a><\/li>\n\n\n\n<li><a href=\"https:\/\/www.sv-1896-grossdubrau.de\/wp-content\/uploads\/2026\/04\/Fotoerlaubnis-1-3.pdf\">Fotoerlaubnis<\/a><br><\/li>\n<\/ul>\n\n\n\n<p><\/p>\n","protected":false},"excerpt":{"rendered":"<p>Aufnahmeantrag SV 1896 Beitragsordnung 2025 Datenschutzvereinbarung Einzugserm\u00e4chtigung Antrag auf Spielerlaubnis (f\u00fcr Fu\u00dfball) Fotoerlaubnis &hellip; <a class=\"more-link\" href=\"https:\/\/www.sv-1896-grossdubrau.de\/?page_id=3642\">Weiterlesen <span class=\"meta-nav\">&rarr;<\/span><\/a><\/p>\n","protected":false},"author":1,"featured_media":0,"parent":0,"menu_order":0,"comment_status":"closed","ping_status":"closed","template":"","meta":{"footnotes":""},"class_list":["post-3642","page","type-page","status-publish","hentry"],"_links":{"self":[{"href":"https:\/\/www.sv-1896-grossdubrau.de\/index.php?rest_route=\/wp\/v2\/pages\/3642","targetHints":{"allow":["GET"]}}],"collection":[{"href":"https:\/\/www.sv-1896-grossdubrau.de\/index.php?rest_route=\/wp\/v2\/pages"}],"about":[{"href":"https:\/\/www.sv-1896-grossdubrau.de\/index.php?rest_route=\/wp\/v2\/types\/page"}],"author":[{"embeddable":true,"href":"https:\/\/www.sv-1896-grossdubrau.de\/index.php?rest_route=\/wp\/v2\/users\/1"}],"replies":[{"embeddable":true,"href":"https:\/\/www.sv-1896-grossdubrau.de\/index.php?rest_route=%2Fwp%2Fv2%2Fcomments&post=3642"}],"version-history":[{"count":12,"href":"https:\/\/www.sv-1896-grossdubrau.de\/index.php?rest_route=\/wp\/v2\/pages\/3642\/revisions"}],"predecessor-version":[{"id":7176,"href":"https:\/\/www.sv-1896-grossdubrau.de\/index.php?rest_route=\/wp\/v2\/pages\/3642\/revisions\/7176"}],"wp:attachment":[{"href":"https:\/\/www.sv-1896-grossdubrau.de\/index.php?rest_route=%2Fwp%2Fv2%2Fmedia&parent=3642"}],"curies":[{"name":"wp","href":"https:\/\/api.w.org\/{rel}","templated":true}]}}