{"id":324,"date":"2012-07-04T20:26:41","date_gmt":"2012-07-04T18:26:41","guid":{"rendered":"http:\/\/www.msc-cottbus.de\/1896\/?page_id=324"},"modified":"2025-01-05T21:49:58","modified_gmt":"2025-01-05T20:49:58","slug":"kontakt","status":"publish","type":"page","link":"https:\/\/www.sv-1896-grossdubrau.de\/?page_id=324","title":{"rendered":"Kontakt"},"content":{"rendered":"<p style=\"padding-left: 30px;\"><strong>Anschrift:<\/strong><\/p>\n<p style=\"padding-left: 30px;\">SV 1896 Gro\u00dfdubrau e.V.<br \/>Am Sportplatz 4<br \/>02694 Gro\u00dfdubrau<\/p>\n<p style=\"padding-left: 30px; text-align: left;\">Telefon Gesch\u00e4ftsstelle:\u00a0 035934 67329<\/p>\n<p style=\"padding-left: 30px;\">Sprechzeiten der Gesch\u00e4ftsstelle:<\/p>\n<p style=\"padding-left: 30px;\">Dienstag von 18:00 bis 20:00<\/p>\n<p style=\"padding-left: 30px; text-align: left;\">E-Mail: info@sv-1896-grossdubrau.de<\/p>\n<p>\u00a0<\/p>\n<p>\u00a0 \u00a0 \u00a0 <strong>Kontakt Abteilung Fu\u00dfball<\/strong>:<\/p>\n<p style=\"text-align: center;\">E-Mail: 2120@wf-verband.de<\/p>\n<p style=\"text-align: left;\">\u00a0 \u00a0 \u00a0 <strong>Kontakt Abteilung Kegeln:<\/strong><\/p>\n<p style=\"text-align: center;\">\u00a0 \u00a0 E-Mail: kegeln@sv-1896-grossdubrau.de\u00a0<\/p>\n<p>\u00a0<\/p>\n<p>\u00a0 \u00a0 \u00a0Sportlerheim Gro\u00dfdubrau:\u00a0 035934 67355<\/p>\n<p><!--more--><!--more--><\/p>\n<p style=\"padding-left: 30px;\"><strong>Administration der Webseite:<\/strong><\/p>\n<p style=\"text-align: center;\">MSC-Cottbus<br \/>Inh. Rainer Senst<br \/>Zuschka 37<br \/>03044 Cottbus<\/p>\n<p style=\"padding-left: 30px; text-align: center;\">www.msc-cottbus.de<br \/>senst@msc-cottbus.de<\/p>\n\n\n<p><\/p>\n\n\n\n<p><\/p>\n\n\n\n<p><\/p>\n","protected":false},"excerpt":{"rendered":"<p>Anschrift: SV 1896 Gro\u00dfdubrau e.V.Am Sportplatz 402694 Gro\u00dfdubrau Telefon Gesch\u00e4ftsstelle:\u00a0 035934 67329 Sprechzeiten der Gesch\u00e4ftsstelle: Dienstag von 18:00 bis 20:00 E-Mail: info@sv-1896-grossdubrau.de \u00a0 \u00a0 \u00a0 \u00a0 Kontakt Abteilung Fu\u00dfball: E-Mail: 2120@wf-verband.de \u00a0 \u00a0 \u00a0 Kontakt Abteilung Kegeln: \u00a0 \u00a0 E-Mail: &hellip; <a class=\"more-link\" href=\"https:\/\/www.sv-1896-grossdubrau.de\/?page_id=324\">Weiterlesen <span class=\"meta-nav\">&rarr;<\/span><\/a><\/p>\n","protected":false},"author":1,"featured_media":0,"parent":0,"menu_order":0,"comment_status":"closed","ping_status":"closed","template":"","meta":{"footnotes":""},"class_list":["post-324","page","type-page","status-publish","hentry"],"_links":{"self":[{"href":"https:\/\/www.sv-1896-grossdubrau.de\/index.php?rest_route=\/wp\/v2\/pages\/324","targetHints":{"allow":["GET"]}}],"collection":[{"href":"https:\/\/www.sv-1896-grossdubrau.de\/index.php?rest_route=\/wp\/v2\/pages"}],"about":[{"href":"https:\/\/www.sv-1896-grossdubrau.de\/index.php?rest_route=\/wp\/v2\/types\/page"}],"author":[{"embeddable":true,"href":"https:\/\/www.sv-1896-grossdubrau.de\/index.php?rest_route=\/wp\/v2\/users\/1"}],"replies":[{"embeddable":true,"href":"https:\/\/www.sv-1896-grossdubrau.de\/index.php?rest_route=%2Fwp%2Fv2%2Fcomments&post=324"}],"version-history":[{"count":20,"href":"https:\/\/www.sv-1896-grossdubrau.de\/index.php?rest_route=\/wp\/v2\/pages\/324\/revisions"}],"predecessor-version":[{"id":6004,"href":"https:\/\/www.sv-1896-grossdubrau.de\/index.php?rest_route=\/wp\/v2\/pages\/324\/revisions\/6004"}],"wp:attachment":[{"href":"https:\/\/www.sv-1896-grossdubrau.de\/index.php?rest_route=%2Fwp%2Fv2%2Fmedia&parent=324"}],"curies":[{"name":"wp","href":"https:\/\/api.w.org\/{rel}","templated":true}]}}