{"id":113,"date":"2012-06-21T23:04:44","date_gmt":"2012-06-21T21:04:44","guid":{"rendered":"http:\/\/www.sv-1896-grossdubrau.de\/?page_id=113"},"modified":"2024-10-27T14:31:58","modified_gmt":"2024-10-27T13:31:58","slug":"der-verein","status":"publish","type":"page","link":"https:\/\/www.sv-1896-grossdubrau.de\/?page_id=113","title":{"rendered":"Der SV 1896 Gro\u00dfdubrau e.V. stellt sich vor"},"content":{"rendered":"<p><span style=\"font-family: Verdana;\"><strong>\u00a0<\/strong><\/span><\/p>\n<p><img loading=\"lazy\" decoding=\"async\" class=\"alignnone size-medium wp-image-5819\" src=\"https:\/\/www.sv-1896-grossdubrau.de\/wp-content\/uploads\/2024\/10\/IMG-20241017-WA0014-300x225.jpg\" alt=\"\" width=\"300\" height=\"225\" srcset=\"https:\/\/www.sv-1896-grossdubrau.de\/wp-content\/uploads\/2024\/10\/IMG-20241017-WA0014-300x225.jpg 300w, https:\/\/www.sv-1896-grossdubrau.de\/wp-content\/uploads\/2024\/10\/IMG-20241017-WA0014-1024x768.jpg 1024w, https:\/\/www.sv-1896-grossdubrau.de\/wp-content\/uploads\/2024\/10\/IMG-20241017-WA0014-768x576.jpg 768w, https:\/\/www.sv-1896-grossdubrau.de\/wp-content\/uploads\/2024\/10\/IMG-20241017-WA0014-1536x1152.jpg 1536w, https:\/\/www.sv-1896-grossdubrau.de\/wp-content\/uploads\/2024\/10\/IMG-20241017-WA0014-400x300.jpg 400w, https:\/\/www.sv-1896-grossdubrau.de\/wp-content\/uploads\/2024\/10\/IMG-20241017-WA0014.jpg 1600w\" sizes=\"auto, (max-width: 300px) 100vw, 300px\" \/><\/p>\n<p><span style=\"font-family: Verdana; font-size: small;\">Die Geschichte des Sports in Gro\u00dfdubrau reicht bis in das Jahr 1896 zur\u00fcck. Damals gr\u00fcndete sich ein b\u00fcrgerlicher Turnverein, der im Jahr 1905 in den Arbeiterturn- und Sportverein \u201eVorw\u00e4rts&#8220; Gro\u00dfdubrau und Umgebung umbenannt wurde. Zun\u00e4chst wurde haupts\u00e4chlich Fu\u00dfball gespielt. Nach dem 1. Weltkrieg kam der Faustball hinzu und Verlauf der Jahre folgten weitere Sportarten. Von 1923 bis 1933 beteiligten sich die Gro\u00dfdubrauer Fu\u00dfballer gemeinsam mit Mannschaften aus Eibau, L\u00f6bau Zittau, Ebersbach, Bautzen, Demitz-Thumitz und Doberschau am Punktspielbetrieb. In der Zeit des 2. Weltkrieges ruhten die die Vereinsaktivit\u00e4ten. Nach dem Krieg gr\u00fcndete sich die BSG \u201eElektropre\u00df&#8220; Gro\u00dfdubrau. Dieser Name versinnbildlichte die \u00f6rtlichen Tr\u00e4gerbetriebe VEB \u201eElektropre\u00df&#8220; und VEB \u201ePre\u00dfwerkzeugbau&#8220;. Im Jahr 1948 erfolgte die Umbenennung in \u201eChemie&#8220; Gro\u00dfdubrau und 1955 in \u201eMotor&#8220; Gro\u00dfdubrau. Der 24.04.1984 ist zweifellos als H\u00f6hepunkt in der Vereinsgeschichte anzusehen. Zum Fu\u00dfballspiel \u201eMotor&#8220; Gro\u00dfdubrau gegen Dynamo Dresden (0:10) kamen damals 2.632 Zuschauer. Weitere H\u00f6hepunkte waren ein Spiel gegen die Oberligamannschaft von Wismut Aue (0:5) am 19.10.1984 und noch ein Freundschaftsspiel gegen Dynamo Dresden (0:12) am 23.04.1985. Am 21.08.1990 erfolgte die Eintragung des SV 1896 Gro\u00dfdubrau e.V. in das Vereinsregister des Kreisgerichtes Bautzen. Im Juni 2002 feierten die Fu\u00dfballer ihr 80j\u00e4hriges Vereinsjubil\u00e4um mit einer Festwoche. H\u00f6hepunkt hier war das Bezirkspokalendspiel FSV Oppach &#8211; FSV Budissa Bautzen (0:1). Anl\u00e4\u00dflich des Festwochenendes \u201e10 Frauen- und M\u00e4dchenfu\u00dfball&#8220; im August 2005 spielte die 1. M\u00e4nnermannschaft des SV 1896 wieder gegen Dynamo Dresden, diesmal gegen die Traditionsmannschaft (2:2).<br \/>\nZum 1.Oktober 2024 hat der SV 1896 Gro\u00dfdubrau e.V. 390 Mitglieder, davon 145 Kinder und Jugendliche.<\/span><\/p>\n<p><img loading=\"lazy\" decoding=\"async\" class=\"alignnone size-medium wp-image-5820\" src=\"https:\/\/www.sv-1896-grossdubrau.de\/wp-content\/uploads\/2024\/10\/IMG-20241017-WA0017-300x178.jpg\" alt=\"\" width=\"300\" height=\"178\" srcset=\"https:\/\/www.sv-1896-grossdubrau.de\/wp-content\/uploads\/2024\/10\/IMG-20241017-WA0017-300x178.jpg 300w, https:\/\/www.sv-1896-grossdubrau.de\/wp-content\/uploads\/2024\/10\/IMG-20241017-WA0017-1024x608.jpg 1024w, https:\/\/www.sv-1896-grossdubrau.de\/wp-content\/uploads\/2024\/10\/IMG-20241017-WA0017-768x456.jpg 768w, https:\/\/www.sv-1896-grossdubrau.de\/wp-content\/uploads\/2024\/10\/IMG-20241017-WA0017-1536x912.jpg 1536w, https:\/\/www.sv-1896-grossdubrau.de\/wp-content\/uploads\/2024\/10\/IMG-20241017-WA0017-500x297.jpg 500w, https:\/\/www.sv-1896-grossdubrau.de\/wp-content\/uploads\/2024\/10\/IMG-20241017-WA0017.jpg 1600w\" sizes=\"auto, (max-width: 300px) 100vw, 300px\" \/><\/p>\n<p><span style=\"font-family: Verdana; font-size: small;\">Der <strong>Fu\u00dfball<\/strong> in Gro\u00dfdubrau kann auf eine 85j\u00e4hrige Tradition zur\u00fcckblicken. Hervorzuheben dabei ist, da\u00df die 1. M\u00e4nnermannschaft 47 Jahre lang in (fast) ununterbrochener Reihenfolge in der Bezirksklasse spielte, in den Spielzeiten 1960\/1961 und 1972\/1973 sogar in der Bezirksliga. Im Jahr 2004 mu\u00dfte sie leider in die Kreisliga absteigen. Der Frauen- bzw. M\u00e4dchenfu\u00dfball hat sich in Gro\u00dfdubrau mittlerweile fest etabliert hat. Die Frauenmannschaft spielt seit 1996 in der Landesliga Frauen und wurde im Jahr 1999 \u201ePopul\u00e4rste Mannschaft&#8220; bei der Sportlerumfrage der S\u00e4chsischen Zeitung. 2005 gewannen die Frauen den Landespokal. Fu\u00dfball ist die gr\u00f6\u00dfte Abteilung innerhalb des SV 1896 Gro\u00dfdubrau und vereint derzeit 240 Sportler, davon 188 m\u00e4nnliche und 52 weibliche Mitglieder .<\/span><\/p>\n<p><span style=\"font-family: Verdana; font-size: small;\"><img loading=\"lazy\" decoding=\"async\" class=\"alignnone size-medium wp-image-5824\" src=\"https:\/\/www.sv-1896-grossdubrau.de\/wp-content\/uploads\/2024\/10\/IMG-20240831-WA0001-300x169.jpg\" alt=\"\" width=\"300\" height=\"169\" srcset=\"https:\/\/www.sv-1896-grossdubrau.de\/wp-content\/uploads\/2024\/10\/IMG-20240831-WA0001-300x169.jpg 300w, https:\/\/www.sv-1896-grossdubrau.de\/wp-content\/uploads\/2024\/10\/IMG-20240831-WA0001-1024x576.jpg 1024w, https:\/\/www.sv-1896-grossdubrau.de\/wp-content\/uploads\/2024\/10\/IMG-20240831-WA0001-768x432.jpg 768w, https:\/\/www.sv-1896-grossdubrau.de\/wp-content\/uploads\/2024\/10\/IMG-20240831-WA0001-1536x864.jpg 1536w, https:\/\/www.sv-1896-grossdubrau.de\/wp-content\/uploads\/2024\/10\/IMG-20240831-WA0001-500x281.jpg 500w, https:\/\/www.sv-1896-grossdubrau.de\/wp-content\/uploads\/2024\/10\/IMG-20240831-WA0001.jpg 2048w\" sizes=\"auto, (max-width: 300px) 100vw, 300px\" \/><\/span><\/p>\n<p><span style=\"font-family: Verdana; font-size: small;\"><strong>Fau<\/strong><\/span><span style=\"font-family: Verdana; font-size: small;\"><strong>stball<\/strong> hat in Gro\u00df\u205e\u205edubrau eine lange Tradition, die bis in die Zeit nach dem 1. Weltkrieg zur\u00fcckreicht. Nach dem 2. Weltkrieg erlebte der Faustball seine Bl\u00fcte, in den 60\/70er Jahren wurde in der Bezirksklasse gespielt und mit der Bezirksliga die h\u00f6chste Spielklasse erreicht. Heute spielen neun Sportler in einer Freizeitmannschaft.<br \/>\n<\/span><\/p>\n<p><span style=\"font-family: Verdana; font-size: small;\">Die Abteilung <strong>Volleyball<\/strong> wurde im Jahr 1954 gegr\u00fcndet. Zun\u00e4chst existierte eine Frauenmannschaft, sp\u00e4ter kam eine M\u00e4nnermannschaft dazu. Frauen- und M\u00e4nnermannschaft spielten bis zur Wende im Jahr 1990. Noch im selben Jahr gr\u00fcndete sich eine Mixed-Mannschaft, die heute noch aktiv ist. Das Mixed-Team spielt in der 1. Kreisklasse und hat derzeit 19 Mitglieder. <\/span><\/p>\n<p><span style=\"font-family: Verdana; font-size: small;\">Im Jahr 1955 gr\u00fcndete sich die Abteilung <strong>Tischtennis<\/strong>. Damals spielten zwei M\u00e4nnermannschaften in der Kreisliga und in der 1. Kreisklasse. 1965 erfolgte der Aufstieg der Kreisliga-Mannschaft in die Bezirksklasse, die mehrere Jahre gehalten werden konnte. Nach dem Abstieg in die Kreisliga stiegen die Spieler im Jahr 1989 erneut in die Bezirksklasse auf, blieben dort bis zum Jahr 2000, stiegen noch im selben Jahr wieder in die Kreisliga ab, spielten von 2001 bis zur Saison 2002 \/ 2003 in der Kreisklasse und ab der Saison 2003 \/ 2004 wiederum erneut in der Kreisliga. Die Kreisligamannschaft gibt es heute noch. Die andere Mannschaft wechselt ab September 2007 von der 2. in die 1. Kreisklasse. Ingesamt hat die Abteilung Tischtennis 20 Mitglieder.<\/span><\/p>\n<p><span style=\"font-family: Verdana; font-size: small;\"><a href=\"https:\/\/www.sv-1896-grossdubrau.de\/?attachment_id=520\" rel=\"attachment wp-att-520\"><img loading=\"lazy\" decoding=\"async\" class=\"alignleft size-medium wp-image-520\" style=\"margin: 20px;\" title=\"keglerin_christel_stey_03_2005_boh\" src=\"https:\/\/www.sv-1896-grossdubrau.de\/wp-content\/uploads\/2012\/06\/keglerin_christel_stey_03_2005_boh1-200x300.jpg\" alt=\"\" width=\"200\" height=\"300\" srcset=\"https:\/\/www.sv-1896-grossdubrau.de\/wp-content\/uploads\/2012\/06\/keglerin_christel_stey_03_2005_boh1-200x300.jpg 200w, https:\/\/www.sv-1896-grossdubrau.de\/wp-content\/uploads\/2012\/06\/keglerin_christel_stey_03_2005_boh1.jpg 300w\" sizes=\"auto, (max-width: 200px) 100vw, 200px\" \/><\/a>Die Abteilung <strong>Kegeln<\/strong> ist seit 1961 aktiv, nachdem an das Sportlerheim Gro\u00dfdubrau im Jahr 1960 eine Kegelbahn angebaut wurde. Zur Zeit sind 45 Mitglieder organisiert, die in sechs Mannschaften kegeln. Die M\u00e4nner tun dies in der OKV-Liga und in der 1. Kreisklasse, die Senioren in der Kreisklasse und ab September 2007 in der 2. Landesligaliga, nachdem sie erst k\u00fcrzlich sensationell aufstiegen. Anfang Juni 2007 ist die 1. Frauenmannschaft in die OKV-Klasse aufgestiegen, die 2. Frauenmannschaft kegelt in der Kreisklassse. <\/span><\/p>\n<p><span style=\"font-family: Verdana; font-size: small;\">Die Abteilung <strong>Gymnastik<\/strong> besteht seit 1965 und hat im Jahr 2007 18 Mitglieder. H\u00f6hepunkte im Sportjahr sind der Fasching zum Rosenmontag im \u201eS\u00e4chsischen J\u00e4ger&#8220; Gro\u00dfdubrau, eine Sommerabschlu\u00dffahrt mit Fahrr\u00e4dern sowie Kegeln oder Bowling zum Jahresabschlu\u00df im Dezember.<\/span><\/p>\n<p><span style=\"font-family: Verdana; font-size: small;\"><strong>Aerobic<\/strong>, die j\u00fcngste Abteilung im SV 1896 Gro\u00dfdubrau e.V., wurde im November 1999 gegr\u00fcndet. Die reine Freizeitgruppe z\u00e4hlt derzeit 15 Mitglieder im Alter von 16 bis 60 Jahre. Neue Mitglieder, vor allem junge M\u00e4dchen, sind jederzeit willkommen.<\/span><\/p>\n","protected":false},"excerpt":{"rendered":"<p>\u00a0 Die Geschichte des Sports in Gro\u00dfdubrau reicht bis in das Jahr 1896 zur\u00fcck. Damals gr\u00fcndete sich ein b\u00fcrgerlicher Turnverein, der im Jahr 1905 in den Arbeiterturn- und Sportverein \u201eVorw\u00e4rts&#8220; Gro\u00dfdubrau und Umgebung umbenannt wurde. Zun\u00e4chst wurde haupts\u00e4chlich Fu\u00dfball gespielt. &hellip; <a class=\"more-link\" href=\"https:\/\/www.sv-1896-grossdubrau.de\/?page_id=113\">Weiterlesen <span class=\"meta-nav\">&rarr;<\/span><\/a><\/p>\n","protected":false},"author":1,"featured_media":0,"parent":0,"menu_order":0,"comment_status":"open","ping_status":"open","template":"","meta":{"footnotes":""},"class_list":["post-113","page","type-page","status-publish","hentry"],"_links":{"self":[{"href":"https:\/\/www.sv-1896-grossdubrau.de\/index.php?rest_route=\/wp\/v2\/pages\/113","targetHints":{"allow":["GET"]}}],"collection":[{"href":"https:\/\/www.sv-1896-grossdubrau.de\/index.php?rest_route=\/wp\/v2\/pages"}],"about":[{"href":"https:\/\/www.sv-1896-grossdubrau.de\/index.php?rest_route=\/wp\/v2\/types\/page"}],"author":[{"embeddable":true,"href":"https:\/\/www.sv-1896-grossdubrau.de\/index.php?rest_route=\/wp\/v2\/users\/1"}],"replies":[{"embeddable":true,"href":"https:\/\/www.sv-1896-grossdubrau.de\/index.php?rest_route=%2Fwp%2Fv2%2Fcomments&post=113"}],"version-history":[{"count":20,"href":"https:\/\/www.sv-1896-grossdubrau.de\/index.php?rest_route=\/wp\/v2\/pages\/113\/revisions"}],"predecessor-version":[{"id":5826,"href":"https:\/\/www.sv-1896-grossdubrau.de\/index.php?rest_route=\/wp\/v2\/pages\/113\/revisions\/5826"}],"wp:attachment":[{"href":"https:\/\/www.sv-1896-grossdubrau.de\/index.php?rest_route=%2Fwp%2Fv2%2Fmedia&parent=113"}],"curies":[{"name":"wp","href":"https:\/\/api.w.org\/{rel}","templated":true}]}}